{"id":18,"date":"2017-09-25T12:54:15","date_gmt":"2017-09-25T10:54:15","guid":{"rendered":"https:\/\/enquete.varoenergy.com\/klanttevredenheidsenquete\/"},"modified":"2020-10-23T18:06:41","modified_gmt":"2020-10-23T16:06:41","slug":"klanttevredenheidsenquete","status":"publish","type":"page","link":"https:\/\/enquete.varoenergy.com\/fr\/","title":{"rendered":"Enqu\u00eate"},"content":{"rendered":"<div class=\"main-banner\" style=\"background-image: url('https:\/\/enquete.varoenergy.com\/wp-content\/uploads\/2020\/09\/mask-banner.png');\">\n<div class=\"container\">\n<div class=\"row\">\n<div class=\"enquete-image\" style=\"background-image: url('https:\/\/enquete.varoenergy.com\/wp-content\/uploads\/2020\/09\/web21543239695inline@2x.png');\">&nbsp;<\/div>\n<\/div>\n<\/div>\n<\/div>\n<div class=\"varo-enquete\">\n<div class=\"container\">\n<div class=\"row\">\n<div class=\"col-md-10 offset-md-1\">\n<div class=\"enquete-wrapper\">\n<div class=\"row\">\n<div class=\"col-lg-12\">\n<h1>VARO<br \/>\n<span>Recherche de satisfaction client<\/span><\/h1>\n<\/div>\n<div class=\"col-lg-6\">\n<div class=\"left\"><img decoding=\"async\" src=\"https:\/\/enquete.varoenergy.com\/wp-content\/uploads\/2020\/10\/shutterstock_772516828@2x.png\">&nbsp;&nbsp;<\/p>\n<\/div>\n<\/div>\n<div class=\"col-lg-6\">\n<div class=\"right\">\n<h4>Cher participant<\/h4>\n<p>Pour la plupart des questions, vous devez donner une note entre 1 et 10 pour indiquer dans quelle mesure vous \u00eates d\u2019accord avec l\u2019affirmation. 1 = pas du tout d\u2019accord. 10 = tout \u00e0 fait d\u2019accord. Vous trouverez aussi quelques questions \u00e0 choix multiples et des questions ouvertes.<\/p>\n<\/div>\n<\/div>\n<\/div>\n<div class=\"row\">\n<div class=\"col-lg-12\">\n<div class=\"question-wrap\">\n<h4>COMMUNICATION<\/h4>\n<p class=\"alert alert-warning\">Notre enqu\u00eate de satisfaction client est termin\u00e9e. Si vous souhaitez encore participer, vous pouvez nous contacter \u00e0 <a href=\"mailto:wholesale.belgium@varoenergy.com\">wholesale.belgium@varoenergy.com<\/a>. Merci d&rsquo;avance.<\/p>\n<\/div>\n<\/div>\n<\/div>\n<\/div>\n<\/div>\n<\/div>\n<\/div>\n<\/div>\n","protected":false},"excerpt":{"rendered":"<p>&nbsp; VARO Recherche de satisfaction client &nbsp;&nbsp; Cher participant Pour la plupart des questions, vous devez donner une note entre 1 et 10 pour indiquer dans quelle mesure vous \u00eates d\u2019accord avec l\u2019affirmation. 1 = pas du tout d\u2019accord. 10 = tout \u00e0 fait d\u2019accord. Vous trouverez aussi quelques questions \u00e0 choix multiples et des [&hellip;]<\/p>\n","protected":false},"author":12,"featured_media":0,"parent":0,"menu_order":0,"comment_status":"closed","ping_status":"closed","template":"page-templates\/question.php","meta":{"_acf_changed":false,"footnotes":""},"class_list":["post-18","page","type-page","status-publish","hentry"],"acf":[],"yoast_head":"<!-- This site is optimized with the Yoast SEO plugin v27.5 - https:\/\/yoast.com\/product\/yoast-seo-wordpress\/ -->\n<title>Enqu\u00eate - VARO Energy<\/title>\n<meta name=\"robots\" content=\"index, follow, max-snippet:-1, max-image-preview:large, max-video-preview:-1\" \/>\n<link rel=\"canonical\" href=\"https:\/\/enquete.varoenergy.com\/fr\/\" \/>\n<meta property=\"og:locale\" content=\"fr_FR\" \/>\n<meta property=\"og:type\" content=\"article\" \/>\n<meta property=\"og:title\" content=\"Enqu\u00eate - VARO Energy\" \/>\n<meta property=\"og:description\" content=\"&nbsp; VARO Recherche de satisfaction client &nbsp;&nbsp; Cher participant Pour la plupart des questions, vous devez donner une note entre 1 et 10 pour indiquer dans quelle mesure vous \u00eates d\u2019accord avec l\u2019affirmation. 1 = pas du tout d\u2019accord. 10 = tout \u00e0 fait d\u2019accord. Vous trouverez aussi quelques questions \u00e0 choix multiples et des [&hellip;]\" \/>\n<meta property=\"og:url\" content=\"https:\/\/enquete.varoenergy.com\/fr\/\" \/>\n<meta property=\"og:site_name\" content=\"VARO Energy\" \/>\n<meta property=\"article:modified_time\" content=\"2020-10-23T16:06:41+00:00\" \/>\n<meta property=\"og:image\" content=\"https:\/\/enquete.varoenergy.com\/wp-content\/uploads\/2020\/10\/shutterstock_772516828@2x.png\" \/>\n<meta name=\"twitter:card\" content=\"summary_large_image\" \/>\n<script type=\"application\/ld+json\" class=\"yoast-schema-graph\">{\"@context\":\"https:\\\/\\\/schema.org\",\"@graph\":[{\"@type\":\"WebPage\",\"@id\":\"https:\\\/\\\/enquete.varoenergy.com\\\/fr\\\/\",\"url\":\"https:\\\/\\\/enquete.varoenergy.com\\\/fr\\\/\",\"name\":\"Enqu\u00eate - VARO Energy\",\"isPartOf\":{\"@id\":\"https:\\\/\\\/enquete.varoenergy.com\\\/#website\"},\"primaryImageOfPage\":{\"@id\":\"https:\\\/\\\/enquete.varoenergy.com\\\/fr\\\/#primaryimage\"},\"image\":{\"@id\":\"https:\\\/\\\/enquete.varoenergy.com\\\/fr\\\/#primaryimage\"},\"thumbnailUrl\":\"https:\\\/\\\/enquete.varoenergy.com\\\/wp-content\\\/uploads\\\/2020\\\/10\\\/shutterstock_772516828@2x.png\",\"datePublished\":\"2017-09-25T10:54:15+00:00\",\"dateModified\":\"2020-10-23T16:06:41+00:00\",\"breadcrumb\":{\"@id\":\"https:\\\/\\\/enquete.varoenergy.com\\\/fr\\\/#breadcrumb\"},\"inLanguage\":\"fr-FR\",\"potentialAction\":[{\"@type\":\"ReadAction\",\"target\":[\"https:\\\/\\\/enquete.varoenergy.com\\\/fr\\\/\"]}]},{\"@type\":\"ImageObject\",\"inLanguage\":\"fr-FR\",\"@id\":\"https:\\\/\\\/enquete.varoenergy.com\\\/fr\\\/#primaryimage\",\"url\":\"https:\\\/\\\/enquete.varoenergy.com\\\/wp-content\\\/uploads\\\/2020\\\/10\\\/shutterstock_772516828@2x.png\",\"contentUrl\":\"https:\\\/\\\/enquete.varoenergy.com\\\/wp-content\\\/uploads\\\/2020\\\/10\\\/shutterstock_772516828@2x.png\"},{\"@type\":\"BreadcrumbList\",\"@id\":\"https:\\\/\\\/enquete.varoenergy.com\\\/fr\\\/#breadcrumb\",\"itemListElement\":[{\"@type\":\"ListItem\",\"position\":1,\"name\":\"Home\",\"item\":\"https:\\\/\\\/enquete.varoenergy.com\\\/fr\\\/\"},{\"@type\":\"ListItem\",\"position\":2,\"name\":\"Enqu\u00eate\"}]},{\"@type\":\"WebSite\",\"@id\":\"https:\\\/\\\/enquete.varoenergy.com\\\/#website\",\"url\":\"https:\\\/\\\/enquete.varoenergy.com\\\/\",\"name\":\"VARO Energy\",\"description\":\"\",\"potentialAction\":[{\"@type\":\"SearchAction\",\"target\":{\"@type\":\"EntryPoint\",\"urlTemplate\":\"https:\\\/\\\/enquete.varoenergy.com\\\/?s={search_term_string}\"},\"query-input\":{\"@type\":\"PropertyValueSpecification\",\"valueRequired\":true,\"valueName\":\"search_term_string\"}}],\"inLanguage\":\"fr-FR\"}]}<\/script>\n<!-- \/ Yoast SEO plugin. -->","yoast_head_json":{"title":"Enqu\u00eate - VARO Energy","robots":{"index":"index","follow":"follow","max-snippet":"max-snippet:-1","max-image-preview":"max-image-preview:large","max-video-preview":"max-video-preview:-1"},"canonical":"https:\/\/enquete.varoenergy.com\/fr\/","og_locale":"fr_FR","og_type":"article","og_title":"Enqu\u00eate - VARO Energy","og_description":"&nbsp; VARO Recherche de satisfaction client &nbsp;&nbsp; Cher participant Pour la plupart des questions, vous devez donner une note entre 1 et 10 pour indiquer dans quelle mesure vous \u00eates d\u2019accord avec l\u2019affirmation. 1 = pas du tout d\u2019accord. 10 = tout \u00e0 fait d\u2019accord. Vous trouverez aussi quelques questions \u00e0 choix multiples et des [&hellip;]","og_url":"https:\/\/enquete.varoenergy.com\/fr\/","og_site_name":"VARO Energy","article_modified_time":"2020-10-23T16:06:41+00:00","og_image":[{"url":"https:\/\/enquete.varoenergy.com\/wp-content\/uploads\/2020\/10\/shutterstock_772516828@2x.png","type":"","width":"","height":""}],"twitter_card":"summary_large_image","schema":{"@context":"https:\/\/schema.org","@graph":[{"@type":"WebPage","@id":"https:\/\/enquete.varoenergy.com\/fr\/","url":"https:\/\/enquete.varoenergy.com\/fr\/","name":"Enqu\u00eate - VARO Energy","isPartOf":{"@id":"https:\/\/enquete.varoenergy.com\/#website"},"primaryImageOfPage":{"@id":"https:\/\/enquete.varoenergy.com\/fr\/#primaryimage"},"image":{"@id":"https:\/\/enquete.varoenergy.com\/fr\/#primaryimage"},"thumbnailUrl":"https:\/\/enquete.varoenergy.com\/wp-content\/uploads\/2020\/10\/shutterstock_772516828@2x.png","datePublished":"2017-09-25T10:54:15+00:00","dateModified":"2020-10-23T16:06:41+00:00","breadcrumb":{"@id":"https:\/\/enquete.varoenergy.com\/fr\/#breadcrumb"},"inLanguage":"fr-FR","potentialAction":[{"@type":"ReadAction","target":["https:\/\/enquete.varoenergy.com\/fr\/"]}]},{"@type":"ImageObject","inLanguage":"fr-FR","@id":"https:\/\/enquete.varoenergy.com\/fr\/#primaryimage","url":"https:\/\/enquete.varoenergy.com\/wp-content\/uploads\/2020\/10\/shutterstock_772516828@2x.png","contentUrl":"https:\/\/enquete.varoenergy.com\/wp-content\/uploads\/2020\/10\/shutterstock_772516828@2x.png"},{"@type":"BreadcrumbList","@id":"https:\/\/enquete.varoenergy.com\/fr\/#breadcrumb","itemListElement":[{"@type":"ListItem","position":1,"name":"Home","item":"https:\/\/enquete.varoenergy.com\/fr\/"},{"@type":"ListItem","position":2,"name":"Enqu\u00eate"}]},{"@type":"WebSite","@id":"https:\/\/enquete.varoenergy.com\/#website","url":"https:\/\/enquete.varoenergy.com\/","name":"VARO Energy","description":"","potentialAction":[{"@type":"SearchAction","target":{"@type":"EntryPoint","urlTemplate":"https:\/\/enquete.varoenergy.com\/?s={search_term_string}"},"query-input":{"@type":"PropertyValueSpecification","valueRequired":true,"valueName":"search_term_string"}}],"inLanguage":"fr-FR"}]}},"_links":{"self":[{"href":"https:\/\/enquete.varoenergy.com\/fr\/wp-json\/wp\/v2\/pages\/18","targetHints":{"allow":["GET"]}}],"collection":[{"href":"https:\/\/enquete.varoenergy.com\/fr\/wp-json\/wp\/v2\/pages"}],"about":[{"href":"https:\/\/enquete.varoenergy.com\/fr\/wp-json\/wp\/v2\/types\/page"}],"author":[{"embeddable":true,"href":"https:\/\/enquete.varoenergy.com\/fr\/wp-json\/wp\/v2\/users\/12"}],"replies":[{"embeddable":true,"href":"https:\/\/enquete.varoenergy.com\/fr\/wp-json\/wp\/v2\/comments?post=18"}],"version-history":[{"count":18,"href":"https:\/\/enquete.varoenergy.com\/fr\/wp-json\/wp\/v2\/pages\/18\/revisions"}],"predecessor-version":[{"id":147,"href":"https:\/\/enquete.varoenergy.com\/fr\/wp-json\/wp\/v2\/pages\/18\/revisions\/147"}],"wp:attachment":[{"href":"https:\/\/enquete.varoenergy.com\/fr\/wp-json\/wp\/v2\/media?parent=18"}],"curies":[{"name":"wp","href":"https:\/\/api.w.org\/{rel}","templated":true}]}}